{"id":215,"date":"2022-07-18T14:39:07","date_gmt":"2022-07-18T12:39:07","guid":{"rendered":"http:\/\/alqeos.eu\/?page_id=215"},"modified":"2024-05-15T07:17:45","modified_gmt":"2024-05-15T05:17:45","slug":"auf-dem-weg-zur-co2-neutralitat","status":"publish","type":"page","link":"https:\/\/alqeos.eu\/index.php\/auf-dem-weg-zur-co2-neutralitat\/","title":{"rendered":"Auf dem Weg zur CO2-Neutralit\u00e4t"},"content":{"rendered":"\t\t<div data-elementor-type=\"wp-page\" data-elementor-id=\"215\" class=\"elementor elementor-215\">\n\t\t\t\t\t\t<section class=\"elementor-section elementor-top-section elementor-element elementor-element-571662e elementor-section-boxed elementor-section-height-default elementor-section-height-default\" data-id=\"571662e\" data-element_type=\"section\" data-e-type=\"section\">\n\t\t\t\t\t\t<div class=\"elementor-container elementor-column-gap-default\">\n\t\t\t\t\t<div class=\"elementor-column elementor-col-100 elementor-top-column elementor-element elementor-element-547fd5c\" data-id=\"547fd5c\" data-element_type=\"column\" data-e-type=\"column\">\n\t\t\t<div class=\"elementor-widget-wrap elementor-element-populated\">\n\t\t\t\t\t\t<div class=\"elementor-element elementor-element-ff19cdf elementor-widget elementor-widget-heading\" data-id=\"ff19cdf\" data-element_type=\"widget\" data-e-type=\"widget\" data-widget_type=\"heading.default\">\n\t\t\t\t<div class=\"elementor-widget-container\">\n\t\t\t\t\t<h2 class=\"elementor-heading-title elementor-size-default\">Eine neue Generation von Metallpf\u00e4hlen f\u00fcr die Rebe<\/h2>\t\t\t\t<\/div>\n\t\t\t\t<\/div>\n\t\t\t\t\t<\/div>\n\t\t<\/div>\n\t\t\t\t\t<\/div>\n\t\t<\/section>\n\t\t\t\t<section class=\"elementor-section elementor-top-section elementor-element elementor-element-d5137f1 elementor-section-boxed elementor-section-height-default elementor-section-height-default\" data-id=\"d5137f1\" data-element_type=\"section\" data-e-type=\"section\">\n\t\t\t\t\t\t<div class=\"elementor-container elementor-column-gap-default\">\n\t\t\t\t\t<div class=\"elementor-column elementor-col-66 elementor-top-column elementor-element elementor-element-fbf5c8f\" data-id=\"fbf5c8f\" data-element_type=\"column\" data-e-type=\"column\">\n\t\t\t<div class=\"elementor-widget-wrap elementor-element-populated\">\n\t\t\t\t\t\t<div class=\"elementor-element elementor-element-0e4c11e elementor-invisible elementor-widget elementor-widget-image\" data-id=\"0e4c11e\" data-element_type=\"widget\" data-e-type=\"widget\" data-settings=\"{&quot;_animation&quot;:&quot;slideInUp&quot;}\" data-widget_type=\"image.default\">\n\t\t\t\t<div class=\"elementor-widget-container\">\n\t\t\t\t\t\t\t\t\t\t\t\t\t\t\t<img fetchpriority=\"high\" decoding=\"async\" width=\"309\" height=\"393\" src=\"https:\/\/alqeos.eu\/wp-content\/uploads\/2022\/06\/800px-Vigne_2BIS.jpg\" class=\"attachment-large size-large wp-image-11\" alt=\"\" srcset=\"https:\/\/alqeos.eu\/wp-content\/uploads\/2022\/06\/800px-Vigne_2BIS.jpg 309w, https:\/\/alqeos.eu\/wp-content\/uploads\/2022\/06\/800px-Vigne_2BIS-236x300.jpg 236w\" sizes=\"(max-width: 309px) 100vw, 309px\" \/>\t\t\t\t\t\t\t\t\t\t\t\t\t\t\t<\/div>\n\t\t\t\t<\/div>\n\t\t\t\t\t<\/div>\n\t\t<\/div>\n\t\t\t\t<div class=\"elementor-column elementor-col-33 elementor-top-column elementor-element elementor-element-fb04b3a\" data-id=\"fb04b3a\" data-element_type=\"column\" data-e-type=\"column\">\n\t\t\t<div class=\"elementor-widget-wrap elementor-element-populated\">\n\t\t\t\t\t\t<div class=\"elementor-element elementor-element-fa521e6 elementor-invisible elementor-widget elementor-widget-toggle\" data-id=\"fa521e6\" data-element_type=\"widget\" data-e-type=\"widget\" data-settings=\"{&quot;_animation&quot;:&quot;rotateIn&quot;}\" data-widget_type=\"toggle.default\">\n\t\t\t\t<div class=\"elementor-widget-container\">\n\t\t\t\t\t\t\t<div class=\"elementor-toggle\">\n\t\t\t\t\t\t\t<div class=\"elementor-toggle-item\">\n\t\t\t\t\t<div id=\"elementor-tab-title-2621\" class=\"elementor-tab-title\" data-tab=\"1\" role=\"button\" aria-controls=\"elementor-tab-content-2621\" aria-expanded=\"false\">\n\t\t\t\t\t\t\t\t\t\t\t\t<span class=\"elementor-toggle-icon elementor-toggle-icon-left\" aria-hidden=\"true\">\n\t\t\t\t\t\t\t\t\t\t\t\t\t\t\t<span class=\"elementor-toggle-icon-closed\"><i class=\"fas fa-caret-right\"><\/i><\/span>\n\t\t\t\t\t\t\t\t<span class=\"elementor-toggle-icon-opened\"><i class=\"elementor-toggle-icon-opened fas fa-caret-up\"><\/i><\/span>\n\t\t\t\t\t\t\t\t\t\t\t\t\t<\/span>\n\t\t\t\t\t\t\t\t\t\t\t\t<a class=\"elementor-toggle-title\" tabindex=\"0\">Xcarb\u00ae <\/a>\n\t\t\t\t\t<\/div>\n\n\t\t\t\t\t<div id=\"elementor-tab-content-2621\" class=\"elementor-tab-content elementor-clearfix\" data-tab=\"1\" role=\"region\" aria-labelledby=\"elementor-tab-title-2621\"><h4><img decoding=\"async\" class=\"alignnone size-medium wp-image-618\" src=\"https:\/\/alqeos.eu\/wp-content\/uploads\/2024\/05\/work-in-progress-300x266.gif\" alt=\"\" width=\"300\" height=\"266\" \/><\/h4><\/div>\n\t\t\t\t<\/div>\n\t\t\t\t\t\t\t<div class=\"elementor-toggle-item\">\n\t\t\t\t\t<div id=\"elementor-tab-title-2622\" class=\"elementor-tab-title\" data-tab=\"2\" role=\"button\" aria-controls=\"elementor-tab-content-2622\" aria-expanded=\"false\">\n\t\t\t\t\t\t\t\t\t\t\t\t<span class=\"elementor-toggle-icon elementor-toggle-icon-left\" aria-hidden=\"true\">\n\t\t\t\t\t\t\t\t\t\t\t\t\t\t\t<span class=\"elementor-toggle-icon-closed\"><i class=\"fas fa-caret-right\"><\/i><\/span>\n\t\t\t\t\t\t\t\t<span class=\"elementor-toggle-icon-opened\"><i class=\"elementor-toggle-icon-opened fas fa-caret-up\"><\/i><\/span>\n\t\t\t\t\t\t\t\t\t\t\t\t\t<\/span>\n\t\t\t\t\t\t\t\t\t\t\t\t<a class=\"elementor-toggle-title\" tabindex=\"0\">VitiFort OPTIMUM\u00ae  By\u00a0Magnelis\u00ae <\/a>\n\t\t\t\t\t<\/div>\n\n\t\t\t\t\t<div id=\"elementor-tab-content-2622\" class=\"elementor-tab-content elementor-clearfix\" data-tab=\"2\" role=\"region\" aria-labelledby=\"elementor-tab-title-2622\"><p><img decoding=\"async\" class=\"alignnone size-medium wp-image-618\" src=\"https:\/\/alqeos.eu\/wp-content\/uploads\/2024\/05\/work-in-progress-300x266.gif\" alt=\"\" width=\"300\" height=\"266\" \/><\/p><\/div>\n\t\t\t\t<\/div>\n\t\t\t\t\t\t\t<div class=\"elementor-toggle-item\">\n\t\t\t\t\t<div id=\"elementor-tab-title-2623\" class=\"elementor-tab-title\" data-tab=\"3\" role=\"button\" aria-controls=\"elementor-tab-content-2623\" aria-expanded=\"false\">\n\t\t\t\t\t\t\t\t\t\t\t\t<span class=\"elementor-toggle-icon elementor-toggle-icon-left\" aria-hidden=\"true\">\n\t\t\t\t\t\t\t\t\t\t\t\t\t\t\t<span class=\"elementor-toggle-icon-closed\"><i class=\"fas fa-caret-right\"><\/i><\/span>\n\t\t\t\t\t\t\t\t<span class=\"elementor-toggle-icon-opened\"><i class=\"elementor-toggle-icon-opened fas fa-caret-up\"><\/i><\/span>\n\t\t\t\t\t\t\t\t\t\t\t\t\t<\/span>\n\t\t\t\t\t\t\t\t\t\t\t\t<a class=\"elementor-toggle-title\" tabindex=\"0\">VitiFort\u00ae Funktionen<\/a>\n\t\t\t\t\t<\/div>\n\n\t\t\t\t\t<div id=\"elementor-tab-content-2623\" class=\"elementor-tab-content elementor-clearfix\" data-tab=\"3\" role=\"region\" aria-labelledby=\"elementor-tab-title-2623\"><p><img decoding=\"async\" class=\"alignnone size-medium wp-image-618\" src=\"https:\/\/alqeos.eu\/wp-content\/uploads\/2024\/05\/work-in-progress-300x266.gif\" alt=\"\" width=\"300\" height=\"266\" \/><\/p><\/div>\n\t\t\t\t<\/div>\n\t\t\t\t\t\t\t\t<\/div>\n\t\t\t\t\t\t<\/div>\n\t\t\t\t<\/div>\n\t\t\t\t\t<\/div>\n\t\t<\/div>\n\t\t\t\t\t<\/div>\n\t\t<\/section>\n\t\t\t\t<\/div>\n\t\t","protected":false},"excerpt":{"rendered":"<p>Eine neue Generation von Metallpf\u00e4hlen f\u00fcr die Rebe Xcarb\u00ae VitiFort OPTIMUM\u00ae By\u00a0Magnelis\u00ae VitiFort\u00ae Funktionen<\/p>\n","protected":false},"author":1,"featured_media":0,"parent":0,"menu_order":0,"comment_status":"closed","ping_status":"closed","template":"elementor_theme","meta":{"neve_meta_sidebar":"","neve_meta_container":"","neve_meta_enable_content_width":"","neve_meta_content_width":0,"neve_meta_title_alignment":"","neve_meta_author_avatar":"","neve_post_elements_order":"","neve_meta_disable_header":"off","neve_meta_disable_footer":"","neve_meta_disable_title":"on","footnotes":""},"class_list":["post-215","page","type-page","status-publish","hentry"],"yoast_head":"<!-- This site is optimized with the Yoast SEO plugin v27.3 - https:\/\/yoast.com\/product\/yoast-seo-wordpress\/ -->\n<title>Auf dem Weg zur CO2-Neutralit\u00e4t - ALqEOS<\/title>\n<meta name=\"robots\" content=\"index, follow, max-snippet:-1, max-image-preview:large, max-video-preview:-1\" \/>\n<link rel=\"canonical\" href=\"https:\/\/alqeos.eu\/index.php\/auf-dem-weg-zur-co2-neutralitat\/\" \/>\n<meta property=\"og:locale\" content=\"fr_FR\" \/>\n<meta property=\"og:type\" content=\"article\" \/>\n<meta property=\"og:title\" content=\"Auf dem Weg zur CO2-Neutralit\u00e4t - ALqEOS\" \/>\n<meta property=\"og:description\" content=\"Eine neue Generation von Metallpf\u00e4hlen f\u00fcr die Rebe Xcarb\u00ae VitiFort OPTIMUM\u00ae By\u00a0Magnelis\u00ae VitiFort\u00ae Funktionen\" \/>\n<meta property=\"og:url\" content=\"https:\/\/alqeos.eu\/index.php\/auf-dem-weg-zur-co2-neutralitat\/\" \/>\n<meta property=\"og:site_name\" content=\"ALqEOS\" \/>\n<meta property=\"article:publisher\" content=\"https:\/\/www.facebook.com\/VitiFort-106355458626677\" \/>\n<meta property=\"article:modified_time\" content=\"2024-05-15T05:17:45+00:00\" \/>\n<meta property=\"og:image\" content=\"https:\/\/alqeos.eu\/wp-content\/uploads\/2022\/06\/800px-Vigne_2BIS.jpg\" \/>\n<meta name=\"twitter:card\" content=\"summary_large_image\" \/>\n<meta name=\"twitter:site\" content=\"@VitiFort\" \/>\n<meta name=\"twitter:label1\" content=\"Dur\u00e9e de lecture estim\u00e9e\" \/>\n\t<meta name=\"twitter:data1\" content=\"1 minute\" \/>\n<script type=\"application\/ld+json\" class=\"yoast-schema-graph\">{\"@context\":\"https:\\\/\\\/schema.org\",\"@graph\":[{\"@type\":\"WebPage\",\"@id\":\"https:\\\/\\\/alqeos.eu\\\/index.php\\\/auf-dem-weg-zur-co2-neutralitat\\\/\",\"url\":\"https:\\\/\\\/alqeos.eu\\\/index.php\\\/auf-dem-weg-zur-co2-neutralitat\\\/\",\"name\":\"Auf dem Weg zur CO2-Neutralit\u00e4t - ALqEOS\",\"isPartOf\":{\"@id\":\"https:\\\/\\\/alqeos.eu\\\/#website\"},\"primaryImageOfPage\":{\"@id\":\"https:\\\/\\\/alqeos.eu\\\/index.php\\\/auf-dem-weg-zur-co2-neutralitat\\\/#primaryimage\"},\"image\":{\"@id\":\"https:\\\/\\\/alqeos.eu\\\/index.php\\\/auf-dem-weg-zur-co2-neutralitat\\\/#primaryimage\"},\"thumbnailUrl\":\"https:\\\/\\\/alqeos.eu\\\/wp-content\\\/uploads\\\/2022\\\/06\\\/800px-Vigne_2BIS.jpg\",\"datePublished\":\"2022-07-18T12:39:07+00:00\",\"dateModified\":\"2024-05-15T05:17:45+00:00\",\"breadcrumb\":{\"@id\":\"https:\\\/\\\/alqeos.eu\\\/index.php\\\/auf-dem-weg-zur-co2-neutralitat\\\/#breadcrumb\"},\"inLanguage\":\"fr-FR\",\"potentialAction\":[{\"@type\":\"ReadAction\",\"target\":[\"https:\\\/\\\/alqeos.eu\\\/index.php\\\/auf-dem-weg-zur-co2-neutralitat\\\/\"]}]},{\"@type\":\"ImageObject\",\"inLanguage\":\"fr-FR\",\"@id\":\"https:\\\/\\\/alqeos.eu\\\/index.php\\\/auf-dem-weg-zur-co2-neutralitat\\\/#primaryimage\",\"url\":\"https:\\\/\\\/alqeos.eu\\\/wp-content\\\/uploads\\\/2022\\\/06\\\/800px-Vigne_2BIS.jpg\",\"contentUrl\":\"https:\\\/\\\/alqeos.eu\\\/wp-content\\\/uploads\\\/2022\\\/06\\\/800px-Vigne_2BIS.jpg\",\"width\":309,\"height\":393},{\"@type\":\"BreadcrumbList\",\"@id\":\"https:\\\/\\\/alqeos.eu\\\/index.php\\\/auf-dem-weg-zur-co2-neutralitat\\\/#breadcrumb\",\"itemListElement\":[{\"@type\":\"ListItem\",\"position\":1,\"name\":\"Accueil\",\"item\":\"https:\\\/\\\/alqeos.eu\\\/\"},{\"@type\":\"ListItem\",\"position\":2,\"name\":\"Auf dem Weg zur CO2-Neutralit\u00e4t\"}]},{\"@type\":\"WebSite\",\"@id\":\"https:\\\/\\\/alqeos.eu\\\/#website\",\"url\":\"https:\\\/\\\/alqeos.eu\\\/\",\"name\":\"ALqEOS\",\"description\":\"Vers la neutralit\u00e9 carbone\",\"publisher\":{\"@id\":\"https:\\\/\\\/alqeos.eu\\\/#organization\"},\"potentialAction\":[{\"@type\":\"SearchAction\",\"target\":{\"@type\":\"EntryPoint\",\"urlTemplate\":\"https:\\\/\\\/alqeos.eu\\\/?s={search_term_string}\"},\"query-input\":{\"@type\":\"PropertyValueSpecification\",\"valueRequired\":true,\"valueName\":\"search_term_string\"}}],\"inLanguage\":\"fr-FR\"},{\"@type\":\"Organization\",\"@id\":\"https:\\\/\\\/alqeos.eu\\\/#organization\",\"name\":\"ALqEOS\",\"url\":\"https:\\\/\\\/alqeos.eu\\\/\",\"logo\":{\"@type\":\"ImageObject\",\"inLanguage\":\"fr-FR\",\"@id\":\"https:\\\/\\\/alqeos.eu\\\/#\\\/schema\\\/logo\\\/image\\\/\",\"url\":\"https:\\\/\\\/alqeos.eu\\\/wp-content\\\/uploads\\\/2022\\\/06\\\/LOGO.jpg\",\"contentUrl\":\"https:\\\/\\\/alqeos.eu\\\/wp-content\\\/uploads\\\/2022\\\/06\\\/LOGO.jpg\",\"width\":249,\"height\":169,\"caption\":\"ALqEOS\"},\"image\":{\"@id\":\"https:\\\/\\\/alqeos.eu\\\/#\\\/schema\\\/logo\\\/image\\\/\"},\"sameAs\":[\"https:\\\/\\\/www.facebook.com\\\/VitiFort-106355458626677\",\"https:\\\/\\\/x.com\\\/VitiFort\",\"https:\\\/\\\/www.youtube.com\\\/channel\\\/UCYKikL2bJ9vji-3GcFEvRtw\"]}]}<\/script>\n<!-- \/ Yoast SEO plugin. -->","yoast_head_json":{"title":"Auf dem Weg zur CO2-Neutralit\u00e4t - ALqEOS","robots":{"index":"index","follow":"follow","max-snippet":"max-snippet:-1","max-image-preview":"max-image-preview:large","max-video-preview":"max-video-preview:-1"},"canonical":"https:\/\/alqeos.eu\/index.php\/auf-dem-weg-zur-co2-neutralitat\/","og_locale":"fr_FR","og_type":"article","og_title":"Auf dem Weg zur CO2-Neutralit\u00e4t - ALqEOS","og_description":"Eine neue Generation von Metallpf\u00e4hlen f\u00fcr die Rebe Xcarb\u00ae VitiFort OPTIMUM\u00ae By\u00a0Magnelis\u00ae VitiFort\u00ae Funktionen","og_url":"https:\/\/alqeos.eu\/index.php\/auf-dem-weg-zur-co2-neutralitat\/","og_site_name":"ALqEOS","article_publisher":"https:\/\/www.facebook.com\/VitiFort-106355458626677","article_modified_time":"2024-05-15T05:17:45+00:00","og_image":[{"url":"https:\/\/alqeos.eu\/wp-content\/uploads\/2022\/06\/800px-Vigne_2BIS.jpg","type":"","width":"","height":""}],"twitter_card":"summary_large_image","twitter_site":"@VitiFort","twitter_misc":{"Dur\u00e9e de lecture estim\u00e9e":"1 minute"},"schema":{"@context":"https:\/\/schema.org","@graph":[{"@type":"WebPage","@id":"https:\/\/alqeos.eu\/index.php\/auf-dem-weg-zur-co2-neutralitat\/","url":"https:\/\/alqeos.eu\/index.php\/auf-dem-weg-zur-co2-neutralitat\/","name":"Auf dem Weg zur CO2-Neutralit\u00e4t - ALqEOS","isPartOf":{"@id":"https:\/\/alqeos.eu\/#website"},"primaryImageOfPage":{"@id":"https:\/\/alqeos.eu\/index.php\/auf-dem-weg-zur-co2-neutralitat\/#primaryimage"},"image":{"@id":"https:\/\/alqeos.eu\/index.php\/auf-dem-weg-zur-co2-neutralitat\/#primaryimage"},"thumbnailUrl":"https:\/\/alqeos.eu\/wp-content\/uploads\/2022\/06\/800px-Vigne_2BIS.jpg","datePublished":"2022-07-18T12:39:07+00:00","dateModified":"2024-05-15T05:17:45+00:00","breadcrumb":{"@id":"https:\/\/alqeos.eu\/index.php\/auf-dem-weg-zur-co2-neutralitat\/#breadcrumb"},"inLanguage":"fr-FR","potentialAction":[{"@type":"ReadAction","target":["https:\/\/alqeos.eu\/index.php\/auf-dem-weg-zur-co2-neutralitat\/"]}]},{"@type":"ImageObject","inLanguage":"fr-FR","@id":"https:\/\/alqeos.eu\/index.php\/auf-dem-weg-zur-co2-neutralitat\/#primaryimage","url":"https:\/\/alqeos.eu\/wp-content\/uploads\/2022\/06\/800px-Vigne_2BIS.jpg","contentUrl":"https:\/\/alqeos.eu\/wp-content\/uploads\/2022\/06\/800px-Vigne_2BIS.jpg","width":309,"height":393},{"@type":"BreadcrumbList","@id":"https:\/\/alqeos.eu\/index.php\/auf-dem-weg-zur-co2-neutralitat\/#breadcrumb","itemListElement":[{"@type":"ListItem","position":1,"name":"Accueil","item":"https:\/\/alqeos.eu\/"},{"@type":"ListItem","position":2,"name":"Auf dem Weg zur CO2-Neutralit\u00e4t"}]},{"@type":"WebSite","@id":"https:\/\/alqeos.eu\/#website","url":"https:\/\/alqeos.eu\/","name":"ALqEOS","description":"Vers la neutralit\u00e9 carbone","publisher":{"@id":"https:\/\/alqeos.eu\/#organization"},"potentialAction":[{"@type":"SearchAction","target":{"@type":"EntryPoint","urlTemplate":"https:\/\/alqeos.eu\/?s={search_term_string}"},"query-input":{"@type":"PropertyValueSpecification","valueRequired":true,"valueName":"search_term_string"}}],"inLanguage":"fr-FR"},{"@type":"Organization","@id":"https:\/\/alqeos.eu\/#organization","name":"ALqEOS","url":"https:\/\/alqeos.eu\/","logo":{"@type":"ImageObject","inLanguage":"fr-FR","@id":"https:\/\/alqeos.eu\/#\/schema\/logo\/image\/","url":"https:\/\/alqeos.eu\/wp-content\/uploads\/2022\/06\/LOGO.jpg","contentUrl":"https:\/\/alqeos.eu\/wp-content\/uploads\/2022\/06\/LOGO.jpg","width":249,"height":169,"caption":"ALqEOS"},"image":{"@id":"https:\/\/alqeos.eu\/#\/schema\/logo\/image\/"},"sameAs":["https:\/\/www.facebook.com\/VitiFort-106355458626677","https:\/\/x.com\/VitiFort","https:\/\/www.youtube.com\/channel\/UCYKikL2bJ9vji-3GcFEvRtw"]}]}},"_links":{"self":[{"href":"https:\/\/alqeos.eu\/index.php\/wp-json\/wp\/v2\/pages\/215","targetHints":{"allow":["GET"]}}],"collection":[{"href":"https:\/\/alqeos.eu\/index.php\/wp-json\/wp\/v2\/pages"}],"about":[{"href":"https:\/\/alqeos.eu\/index.php\/wp-json\/wp\/v2\/types\/page"}],"author":[{"embeddable":true,"href":"https:\/\/alqeos.eu\/index.php\/wp-json\/wp\/v2\/users\/1"}],"replies":[{"embeddable":true,"href":"https:\/\/alqeos.eu\/index.php\/wp-json\/wp\/v2\/comments?post=215"}],"version-history":[{"count":4,"href":"https:\/\/alqeos.eu\/index.php\/wp-json\/wp\/v2\/pages\/215\/revisions"}],"predecessor-version":[{"id":621,"href":"https:\/\/alqeos.eu\/index.php\/wp-json\/wp\/v2\/pages\/215\/revisions\/621"}],"wp:attachment":[{"href":"https:\/\/alqeos.eu\/index.php\/wp-json\/wp\/v2\/media?parent=215"}],"curies":[{"name":"wp","href":"https:\/\/api.w.org\/{rel}","templated":true}]}}