{"id":206,"date":"2022-07-18T14:24:40","date_gmt":"2022-07-18T12:24:40","guid":{"rendered":"http:\/\/alqeos.eu\/?page_id=206"},"modified":"2024-05-15T15:58:54","modified_gmt":"2024-05-15T13:58:54","slug":"mentions-legales","status":"publish","type":"page","link":"https:\/\/alqeos.eu\/index.php\/mentions-legales\/","title":{"rendered":"Mentions legales"},"content":{"rendered":"\t\t<div data-elementor-type=\"wp-page\" data-elementor-id=\"206\" class=\"elementor elementor-206\">\n\t\t\t\t\t\t<section class=\"elementor-section elementor-top-section elementor-element elementor-element-4ea027e elementor-section-boxed elementor-section-height-default elementor-section-height-default\" data-id=\"4ea027e\" data-element_type=\"section\" data-e-type=\"section\">\n\t\t\t\t\t\t<div class=\"elementor-container elementor-column-gap-default\">\n\t\t\t\t\t<div class=\"elementor-column elementor-col-100 elementor-top-column elementor-element elementor-element-0a10d3e\" data-id=\"0a10d3e\" data-element_type=\"column\" data-e-type=\"column\">\n\t\t\t<div class=\"elementor-widget-wrap elementor-element-populated\">\n\t\t\t\t\t\t<div class=\"elementor-element elementor-element-c4961a8 elementor-widget elementor-widget-text-editor\" data-id=\"c4961a8\" data-element_type=\"widget\" data-e-type=\"widget\" data-widget_type=\"text-editor.default\">\n\t\t\t\t<div class=\"elementor-widget-container\">\n\t\t\t\t\t\t\t\t\t<p>Le site\u00a0<a href=\"http:\/\/www.alqeos.eu\/\" target=\"_blank\" rel=\"noopener\">www.alqeos.eu<\/a> appartient \u00e0 la soci\u00e9t\u00e9 VitiFort SAS au capital de 40 000\u20ac ; RCS Toulouse B 904 056 660, domicili\u00e9e 7 Rue des Acacias 314310 LAVERNOSE France. Les images, illustrations, photographies figurant sur ce site appartiennent \u00e0 VitiFort sas ou leur utilisation est conc\u00e9d\u00e9e \u00e0 VitiFort SAS. Elles ne peuvent \u00eatre copi\u00e9s et ou utilis\u00e9es sans l\u2019accord pr\u00e9alable de la soci\u00e9t\u00e9 VitiFort SAS. Ce site est h\u00e9berg\u00e9 par : OVH SAS au capital de 10 174 560 \u20ac RCS Lille M\u00e9tropole 424 761 419 00045 Si\u00e8ge social : 2 rue Kellermann \u2013 59100 Roubaix \u2013 France.<\/p>\t\t\t\t\t\t\t\t<\/div>\n\t\t\t\t<\/div>\n\t\t\t\t\t<\/div>\n\t\t<\/div>\n\t\t\t\t\t<\/div>\n\t\t<\/section>\n\t\t\t\t<\/div>\n\t\t","protected":false},"excerpt":{"rendered":"<p>Le site\u00a0www.alqeos.eu appartient \u00e0 la soci\u00e9t\u00e9 VitiFort SAS au capital de 40 000\u20ac ; RCS Toulouse B 904 056 660, domicili\u00e9e 7 Rue des Acacias 314310 LAVERNOSE France. Les images, illustrations, photographies figurant sur ce site appartiennent \u00e0 VitiFort sas ou leur utilisation est conc\u00e9d\u00e9e \u00e0 VitiFort SAS. Elles ne peuvent \u00eatre copi\u00e9s et ou&hellip;&nbsp;<a href=\"https:\/\/alqeos.eu\/index.php\/mentions-legales\/\" rel=\"bookmark\">Lire la suite &raquo;<span class=\"screen-reader-text\">Mentions legales<\/span><\/a><\/p>\n","protected":false},"author":1,"featured_media":0,"parent":0,"menu_order":0,"comment_status":"closed","ping_status":"closed","template":"page-templates\/template-pagebuilder-full-width.php","meta":{"neve_meta_sidebar":"full-width","neve_meta_container":"default","neve_meta_enable_content_width":"on","neve_meta_content_width":55,"neve_meta_title_alignment":"","neve_meta_author_avatar":"","neve_post_elements_order":"","neve_meta_disable_header":"off","neve_meta_disable_footer":"off","neve_meta_disable_title":"on","footnotes":""},"class_list":["post-206","page","type-page","status-publish","hentry"],"yoast_head":"<!-- This site is optimized with the Yoast SEO plugin v27.4 - https:\/\/yoast.com\/product\/yoast-seo-wordpress\/ -->\n<title>Mentions legales - ALqEOS<\/title>\n<meta name=\"robots\" content=\"index, follow, max-snippet:-1, max-image-preview:large, max-video-preview:-1\" \/>\n<link rel=\"canonical\" href=\"https:\/\/alqeos.eu\/index.php\/mentions-legales\/\" \/>\n<meta property=\"og:locale\" content=\"fr_FR\" \/>\n<meta property=\"og:type\" content=\"article\" \/>\n<meta property=\"og:title\" content=\"Mentions legales - ALqEOS\" \/>\n<meta property=\"og:description\" content=\"Le site\u00a0www.alqeos.eu appartient \u00e0 la soci\u00e9t\u00e9 VitiFort SAS au capital de 40 000\u20ac ; RCS Toulouse B 904 056 660, domicili\u00e9e 7 Rue des Acacias 314310 LAVERNOSE France. Les images, illustrations, photographies figurant sur ce site appartiennent \u00e0 VitiFort sas ou leur utilisation est conc\u00e9d\u00e9e \u00e0 VitiFort SAS. Elles ne peuvent \u00eatre copi\u00e9s et ou&hellip;&nbsp;Lire la suite &raquo;Mentions legales\" \/>\n<meta property=\"og:url\" content=\"https:\/\/alqeos.eu\/index.php\/mentions-legales\/\" \/>\n<meta property=\"og:site_name\" content=\"ALqEOS\" \/>\n<meta property=\"article:publisher\" content=\"https:\/\/www.facebook.com\/VitiFort-106355458626677\" \/>\n<meta property=\"article:modified_time\" content=\"2024-05-15T13:58:54+00:00\" \/>\n<meta name=\"twitter:card\" content=\"summary_large_image\" \/>\n<meta name=\"twitter:site\" content=\"@VitiFort\" \/>\n<meta name=\"twitter:label1\" content=\"Dur\u00e9e de lecture estim\u00e9e\" \/>\n\t<meta name=\"twitter:data1\" content=\"1 minute\" \/>\n<script type=\"application\/ld+json\" class=\"yoast-schema-graph\">{\"@context\":\"https:\\\/\\\/schema.org\",\"@graph\":[{\"@type\":\"WebPage\",\"@id\":\"https:\\\/\\\/alqeos.eu\\\/index.php\\\/mentions-legales\\\/\",\"url\":\"https:\\\/\\\/alqeos.eu\\\/index.php\\\/mentions-legales\\\/\",\"name\":\"Mentions legales - ALqEOS\",\"isPartOf\":{\"@id\":\"https:\\\/\\\/alqeos.eu\\\/#website\"},\"datePublished\":\"2022-07-18T12:24:40+00:00\",\"dateModified\":\"2024-05-15T13:58:54+00:00\",\"breadcrumb\":{\"@id\":\"https:\\\/\\\/alqeos.eu\\\/index.php\\\/mentions-legales\\\/#breadcrumb\"},\"inLanguage\":\"fr-FR\",\"potentialAction\":[{\"@type\":\"ReadAction\",\"target\":[\"https:\\\/\\\/alqeos.eu\\\/index.php\\\/mentions-legales\\\/\"]}]},{\"@type\":\"BreadcrumbList\",\"@id\":\"https:\\\/\\\/alqeos.eu\\\/index.php\\\/mentions-legales\\\/#breadcrumb\",\"itemListElement\":[{\"@type\":\"ListItem\",\"position\":1,\"name\":\"Accueil\",\"item\":\"https:\\\/\\\/alqeos.eu\\\/\"},{\"@type\":\"ListItem\",\"position\":2,\"name\":\"Mentions legales\"}]},{\"@type\":\"WebSite\",\"@id\":\"https:\\\/\\\/alqeos.eu\\\/#website\",\"url\":\"https:\\\/\\\/alqeos.eu\\\/\",\"name\":\"ALqEOS\",\"description\":\"Vers la neutralit\u00e9 carbone\",\"publisher\":{\"@id\":\"https:\\\/\\\/alqeos.eu\\\/#organization\"},\"potentialAction\":[{\"@type\":\"SearchAction\",\"target\":{\"@type\":\"EntryPoint\",\"urlTemplate\":\"https:\\\/\\\/alqeos.eu\\\/?s={search_term_string}\"},\"query-input\":{\"@type\":\"PropertyValueSpecification\",\"valueRequired\":true,\"valueName\":\"search_term_string\"}}],\"inLanguage\":\"fr-FR\"},{\"@type\":\"Organization\",\"@id\":\"https:\\\/\\\/alqeos.eu\\\/#organization\",\"name\":\"ALqEOS\",\"url\":\"https:\\\/\\\/alqeos.eu\\\/\",\"logo\":{\"@type\":\"ImageObject\",\"inLanguage\":\"fr-FR\",\"@id\":\"https:\\\/\\\/alqeos.eu\\\/#\\\/schema\\\/logo\\\/image\\\/\",\"url\":\"https:\\\/\\\/alqeos.eu\\\/wp-content\\\/uploads\\\/2022\\\/06\\\/LOGO.jpg\",\"contentUrl\":\"https:\\\/\\\/alqeos.eu\\\/wp-content\\\/uploads\\\/2022\\\/06\\\/LOGO.jpg\",\"width\":249,\"height\":169,\"caption\":\"ALqEOS\"},\"image\":{\"@id\":\"https:\\\/\\\/alqeos.eu\\\/#\\\/schema\\\/logo\\\/image\\\/\"},\"sameAs\":[\"https:\\\/\\\/www.facebook.com\\\/VitiFort-106355458626677\",\"https:\\\/\\\/x.com\\\/VitiFort\",\"https:\\\/\\\/www.youtube.com\\\/channel\\\/UCYKikL2bJ9vji-3GcFEvRtw\"]}]}<\/script>\n<!-- \/ Yoast SEO plugin. -->","yoast_head_json":{"title":"Mentions legales - ALqEOS","robots":{"index":"index","follow":"follow","max-snippet":"max-snippet:-1","max-image-preview":"max-image-preview:large","max-video-preview":"max-video-preview:-1"},"canonical":"https:\/\/alqeos.eu\/index.php\/mentions-legales\/","og_locale":"fr_FR","og_type":"article","og_title":"Mentions legales - ALqEOS","og_description":"Le site\u00a0www.alqeos.eu appartient \u00e0 la soci\u00e9t\u00e9 VitiFort SAS au capital de 40 000\u20ac ; RCS Toulouse B 904 056 660, domicili\u00e9e 7 Rue des Acacias 314310 LAVERNOSE France. Les images, illustrations, photographies figurant sur ce site appartiennent \u00e0 VitiFort sas ou leur utilisation est conc\u00e9d\u00e9e \u00e0 VitiFort SAS. Elles ne peuvent \u00eatre copi\u00e9s et ou&hellip;&nbsp;Lire la suite &raquo;Mentions legales","og_url":"https:\/\/alqeos.eu\/index.php\/mentions-legales\/","og_site_name":"ALqEOS","article_publisher":"https:\/\/www.facebook.com\/VitiFort-106355458626677","article_modified_time":"2024-05-15T13:58:54+00:00","twitter_card":"summary_large_image","twitter_site":"@VitiFort","twitter_misc":{"Dur\u00e9e de lecture estim\u00e9e":"1 minute"},"schema":{"@context":"https:\/\/schema.org","@graph":[{"@type":"WebPage","@id":"https:\/\/alqeos.eu\/index.php\/mentions-legales\/","url":"https:\/\/alqeos.eu\/index.php\/mentions-legales\/","name":"Mentions legales - ALqEOS","isPartOf":{"@id":"https:\/\/alqeos.eu\/#website"},"datePublished":"2022-07-18T12:24:40+00:00","dateModified":"2024-05-15T13:58:54+00:00","breadcrumb":{"@id":"https:\/\/alqeos.eu\/index.php\/mentions-legales\/#breadcrumb"},"inLanguage":"fr-FR","potentialAction":[{"@type":"ReadAction","target":["https:\/\/alqeos.eu\/index.php\/mentions-legales\/"]}]},{"@type":"BreadcrumbList","@id":"https:\/\/alqeos.eu\/index.php\/mentions-legales\/#breadcrumb","itemListElement":[{"@type":"ListItem","position":1,"name":"Accueil","item":"https:\/\/alqeos.eu\/"},{"@type":"ListItem","position":2,"name":"Mentions legales"}]},{"@type":"WebSite","@id":"https:\/\/alqeos.eu\/#website","url":"https:\/\/alqeos.eu\/","name":"ALqEOS","description":"Vers la neutralit\u00e9 carbone","publisher":{"@id":"https:\/\/alqeos.eu\/#organization"},"potentialAction":[{"@type":"SearchAction","target":{"@type":"EntryPoint","urlTemplate":"https:\/\/alqeos.eu\/?s={search_term_string}"},"query-input":{"@type":"PropertyValueSpecification","valueRequired":true,"valueName":"search_term_string"}}],"inLanguage":"fr-FR"},{"@type":"Organization","@id":"https:\/\/alqeos.eu\/#organization","name":"ALqEOS","url":"https:\/\/alqeos.eu\/","logo":{"@type":"ImageObject","inLanguage":"fr-FR","@id":"https:\/\/alqeos.eu\/#\/schema\/logo\/image\/","url":"https:\/\/alqeos.eu\/wp-content\/uploads\/2022\/06\/LOGO.jpg","contentUrl":"https:\/\/alqeos.eu\/wp-content\/uploads\/2022\/06\/LOGO.jpg","width":249,"height":169,"caption":"ALqEOS"},"image":{"@id":"https:\/\/alqeos.eu\/#\/schema\/logo\/image\/"},"sameAs":["https:\/\/www.facebook.com\/VitiFort-106355458626677","https:\/\/x.com\/VitiFort","https:\/\/www.youtube.com\/channel\/UCYKikL2bJ9vji-3GcFEvRtw"]}]}},"_links":{"self":[{"href":"https:\/\/alqeos.eu\/index.php\/wp-json\/wp\/v2\/pages\/206","targetHints":{"allow":["GET"]}}],"collection":[{"href":"https:\/\/alqeos.eu\/index.php\/wp-json\/wp\/v2\/pages"}],"about":[{"href":"https:\/\/alqeos.eu\/index.php\/wp-json\/wp\/v2\/types\/page"}],"author":[{"embeddable":true,"href":"https:\/\/alqeos.eu\/index.php\/wp-json\/wp\/v2\/users\/1"}],"replies":[{"embeddable":true,"href":"https:\/\/alqeos.eu\/index.php\/wp-json\/wp\/v2\/comments?post=206"}],"version-history":[{"count":18,"href":"https:\/\/alqeos.eu\/index.php\/wp-json\/wp\/v2\/pages\/206\/revisions"}],"predecessor-version":[{"id":780,"href":"https:\/\/alqeos.eu\/index.php\/wp-json\/wp\/v2\/pages\/206\/revisions\/780"}],"wp:attachment":[{"href":"https:\/\/alqeos.eu\/index.php\/wp-json\/wp\/v2\/media?parent=206"}],"curies":[{"name":"wp","href":"https:\/\/api.w.org\/{rel}","templated":true}]}}